{"id":66,"date":"2018-01-08T19:25:01","date_gmt":"2018-01-08T19:25:01","guid":{"rendered":"https:\/\/h2751234.stratoserver.net\/?page_id=66"},"modified":"2024-07-15T17:52:33","modified_gmt":"2024-07-15T17:52:33","slug":"ferienwohnung-sarah","status":"publish","type":"page","link":"https:\/\/ferienwohnungen-am-muehlbach.de\/?page_id=66","title":{"rendered":"Ferienwohnung &#8222;Sarah&#8220;"},"content":{"rendered":"<div id='gallery-1' class='gallery galleryid-66 gallery-columns-3 gallery-size-thumbnail'><figure class='gallery-item'>\n\t\t\t<div class='gallery-icon landscape'>\n\t\t\t\t<a href='https:\/\/ferienwohnungen-am-muehlbach.de\/wp-content\/uploads\/2019\/04\/1d-1.jpg' rel=\"lightbox[66]\"><img loading=\"lazy\" decoding=\"async\" width=\"300\" height=\"300\" src=\"https:\/\/ferienwohnungen-am-muehlbach.de\/wp-content\/uploads\/2019\/04\/1d-1-300x300.jpg\" class=\"attachment-thumbnail size-thumbnail\" alt=\"\" srcset=\"https:\/\/ferienwohnungen-am-muehlbach.de\/wp-content\/uploads\/2019\/04\/1d-1-300x300.jpg 300w, https:\/\/ferienwohnungen-am-muehlbach.de\/wp-content\/uploads\/2019\/04\/1d-1-100x100.jpg 100w\" sizes=\"auto, 100vw\" \/><\/a>\n\t\t\t<\/div><\/figure><figure class='gallery-item'>\n\t\t\t<div class='gallery-icon landscape'>\n\t\t\t\t<a href='https:\/\/ferienwohnungen-am-muehlbach.de\/wp-content\/uploads\/2019\/04\/1c-1.jpg' rel=\"lightbox[66]\"><img loading=\"lazy\" decoding=\"async\" width=\"300\" height=\"300\" src=\"https:\/\/ferienwohnungen-am-muehlbach.de\/wp-content\/uploads\/2019\/04\/1c-1-300x300.jpg\" class=\"attachment-thumbnail size-thumbnail\" alt=\"\" srcset=\"https:\/\/ferienwohnungen-am-muehlbach.de\/wp-content\/uploads\/2019\/04\/1c-1-300x300.jpg 300w, https:\/\/ferienwohnungen-am-muehlbach.de\/wp-content\/uploads\/2019\/04\/1c-1-100x100.jpg 100w\" sizes=\"auto, 100vw\" \/><\/a>\n\t\t\t<\/div><\/figure><figure class='gallery-item'>\n\t\t\t<div class='gallery-icon portrait'>\n\t\t\t\t<a href='https:\/\/ferienwohnungen-am-muehlbach.de\/wp-content\/uploads\/2019\/04\/1b-1.jpg' rel=\"lightbox[66]\"><img loading=\"lazy\" decoding=\"async\" width=\"300\" height=\"300\" src=\"https:\/\/ferienwohnungen-am-muehlbach.de\/wp-content\/uploads\/2019\/04\/1b-1-300x300.jpg\" class=\"attachment-thumbnail size-thumbnail\" alt=\"\" srcset=\"https:\/\/ferienwohnungen-am-muehlbach.de\/wp-content\/uploads\/2019\/04\/1b-1-300x300.jpg 300w, https:\/\/ferienwohnungen-am-muehlbach.de\/wp-content\/uploads\/2019\/04\/1b-1-100x100.jpg 100w\" sizes=\"auto, 100vw\" \/><\/a>\n\t\t\t<\/div><\/figure><figure class='gallery-item'>\n\t\t\t<div class='gallery-icon portrait'>\n\t\t\t\t<a href='https:\/\/ferienwohnungen-am-muehlbach.de\/wp-content\/uploads\/2019\/04\/1e-1.jpg' rel=\"lightbox[66]\"><img loading=\"lazy\" decoding=\"async\" width=\"300\" height=\"300\" src=\"https:\/\/ferienwohnungen-am-muehlbach.de\/wp-content\/uploads\/2019\/04\/1e-1-300x300.jpg\" class=\"attachment-thumbnail size-thumbnail\" alt=\"\" srcset=\"https:\/\/ferienwohnungen-am-muehlbach.de\/wp-content\/uploads\/2019\/04\/1e-1-300x300.jpg 300w, https:\/\/ferienwohnungen-am-muehlbach.de\/wp-content\/uploads\/2019\/04\/1e-1-100x100.jpg 100w\" sizes=\"auto, 100vw\" \/><\/a>\n\t\t\t<\/div><\/figure><figure class='gallery-item'>\n\t\t\t<div class='gallery-icon landscape'>\n\t\t\t\t<a href='https:\/\/ferienwohnungen-am-muehlbach.de\/wp-content\/uploads\/2019\/04\/1g-1.jpg' rel=\"lightbox[66]\"><img loading=\"lazy\" decoding=\"async\" width=\"300\" height=\"300\" src=\"https:\/\/ferienwohnungen-am-muehlbach.de\/wp-content\/uploads\/2019\/04\/1g-1-300x300.jpg\" class=\"attachment-thumbnail size-thumbnail\" alt=\"\" srcset=\"https:\/\/ferienwohnungen-am-muehlbach.de\/wp-content\/uploads\/2019\/04\/1g-1-300x300.jpg 300w, https:\/\/ferienwohnungen-am-muehlbach.de\/wp-content\/uploads\/2019\/04\/1g-1-100x100.jpg 100w\" sizes=\"auto, 100vw\" \/><\/a>\n\t\t\t<\/div><\/figure><figure class='gallery-item'>\n\t\t\t<div class='gallery-icon portrait'>\n\t\t\t\t<a href='https:\/\/ferienwohnungen-am-muehlbach.de\/wp-content\/uploads\/2024\/07\/Urkunde-Sarah-2024.jpg' rel=\"lightbox[66]\"><img loading=\"lazy\" decoding=\"async\" width=\"300\" height=\"300\" src=\"https:\/\/ferienwohnungen-am-muehlbach.de\/wp-content\/uploads\/2024\/07\/Urkunde-Sarah-2024-300x300.jpg\" class=\"attachment-thumbnail size-thumbnail\" alt=\"\" srcset=\"https:\/\/ferienwohnungen-am-muehlbach.de\/wp-content\/uploads\/2024\/07\/Urkunde-Sarah-2024-300x300.jpg 300w, https:\/\/ferienwohnungen-am-muehlbach.de\/wp-content\/uploads\/2024\/07\/Urkunde-Sarah-2024-100x100.jpg 100w\" sizes=\"auto, 100vw\" \/><\/a>\n\t\t\t<\/div><\/figure><figure class='gallery-item'>\n\t\t\t<div class='gallery-icon portrait'>\n\t\t\t\t<a href='https:\/\/ferienwohnungen-am-muehlbach.de\/wp-content\/uploads\/2020\/11\/IMG-20201028-WA0019.jpg' rel=\"lightbox[66]\"><img loading=\"lazy\" decoding=\"async\" width=\"300\" height=\"300\" src=\"https:\/\/ferienwohnungen-am-muehlbach.de\/wp-content\/uploads\/2020\/11\/IMG-20201028-WA0019-300x300.jpg\" class=\"attachment-thumbnail size-thumbnail\" alt=\"\" srcset=\"https:\/\/ferienwohnungen-am-muehlbach.de\/wp-content\/uploads\/2020\/11\/IMG-20201028-WA0019-300x300.jpg 300w, https:\/\/ferienwohnungen-am-muehlbach.de\/wp-content\/uploads\/2020\/11\/IMG-20201028-WA0019-100x100.jpg 100w\" sizes=\"auto, 100vw\" \/><\/a>\n\t\t\t<\/div><\/figure><figure class='gallery-item'>\n\t\t\t<div class='gallery-icon portrait'>\n\t\t\t\t<a href='https:\/\/ferienwohnungen-am-muehlbach.de\/wp-content\/uploads\/2020\/11\/IMG-20201028-WA0023.jpg' rel=\"lightbox[66]\"><img loading=\"lazy\" decoding=\"async\" width=\"300\" height=\"300\" src=\"https:\/\/ferienwohnungen-am-muehlbach.de\/wp-content\/uploads\/2020\/11\/IMG-20201028-WA0023-300x300.jpg\" class=\"attachment-thumbnail size-thumbnail\" alt=\"\" srcset=\"https:\/\/ferienwohnungen-am-muehlbach.de\/wp-content\/uploads\/2020\/11\/IMG-20201028-WA0023-300x300.jpg 300w, https:\/\/ferienwohnungen-am-muehlbach.de\/wp-content\/uploads\/2020\/11\/IMG-20201028-WA0023-100x100.jpg 100w\" sizes=\"auto, 100vw\" \/><\/a>\n\t\t\t<\/div><\/figure><figure class='gallery-item'>\n\t\t\t<div class='gallery-icon landscape'>\n\t\t\t\t<a href='https:\/\/ferienwohnungen-am-muehlbach.de\/wp-content\/uploads\/2020\/11\/IMG-20201028-WA0017.jpg' rel=\"lightbox[66]\"><img loading=\"lazy\" decoding=\"async\" width=\"300\" height=\"300\" src=\"https:\/\/ferienwohnungen-am-muehlbach.de\/wp-content\/uploads\/2020\/11\/IMG-20201028-WA0017-300x300.jpg\" class=\"attachment-thumbnail size-thumbnail\" alt=\"\" srcset=\"https:\/\/ferienwohnungen-am-muehlbach.de\/wp-content\/uploads\/2020\/11\/IMG-20201028-WA0017-300x300.jpg 300w, https:\/\/ferienwohnungen-am-muehlbach.de\/wp-content\/uploads\/2020\/11\/IMG-20201028-WA0017-100x100.jpg 100w\" sizes=\"auto, 100vw\" \/><\/a>\n\t\t\t<\/div><\/figure>\n\t\t<\/div>\n\n<h4>geeignet f\u00fcr 4 Personen (rollstuhlgerechte Nichtraucherwohnung, keine Haustiere)<\/h4>\n<h5>Erdgescho\u00df<\/h5>\n<h6>Wohn-\/Essraum mit K\u00fcchenzeile<\/h6>\n<ul>\n<li>K\u00fchlschrank mit Gefrierfach, Mikrowellenherd, Kaffeemaschine, Toaster, Eierkocher<\/li>\n<li>Sofagruppe mit Schlafcouch f\u00fcr 1 Person<\/li>\n<li>Essplatz<\/li>\n<li>Zus\u00e4tzlicher Holzofen<\/li>\n<li>Satelliten-TV, WLAN<\/li>\n<\/ul>\n<h6>Badezimmer<\/h6>\n<ul>\n<li>Dusche mit Haltegriff und Klappsitz, WC, Haartrockner, Personenwaage, Vergr\u00f6\u00dferungsspiegel<\/li>\n<\/ul>\n<h6>Flur<\/h6>\n<h6>Schlafzimmer<\/h6>\n<ul>\n<li>2 Einzelbetten, optisch getrennt davon 2 Betten als Stockbett<\/li>\n<li>Bettw\u00e4sche, Tischw\u00e4sche, K\u00fcchenw\u00e4sche, Handt\u00fccher, Saunat\u00fccher und Badem\u00e4ntel werden gestellt<\/li>\n<\/ul>\n<h5>Untergescho\u00df<\/h5>\n<ul>\n<li>Waschmaschine, Sauna und Solarium gegen Geb\u00fchr<\/li>\n<li>Staubsauger, B\u00fcgelbrett und B\u00fcgeleisen<\/li>\n<\/ul>\n<h6>Sonstiges<\/h6>\n<ul>\n<li>Safe<\/li>\n<li>Regenschirme<\/li>\n<li>Greifstock<\/li>\n<li>Terrassen an Wohnzimmer und Schlafzimmer<\/li>\n<li>Liegewiese<\/li>\n<li>Grillplatz<\/li>\n<li>Sandkasten<\/li>\n<\/ul>\n<h6>Parkpl\u00e4tze, Einstellraum f\u00fcr Fahr- und Motorr\u00e4der, Trockenm\u00f6glichkeit f\u00fcr Motorradbekleidung<\/h6>\n\n\n<figure class=\"wp-block-video\"><video controls src=\"https:\/\/ferienwohnungen-am-muehlbach.de\/wp-content\/uploads\/2020\/11\/VID-20201028-WA0008.mp4\"><\/video><\/figure>\n","protected":false},"excerpt":{"rendered":"<p>geeignet f\u00fcr 4 Personen (rollstuhlgerechte Nichtraucherwohnung, keine Haustiere) Erdgescho\u00df Wohn-\/Essraum mit K\u00fcchenzeile K\u00fchlschrank mit Gefrierfach, Mikrowellenherd, Kaffeemaschine, Toaster, Eierkocher Sofagruppe mit Schlafcouch f\u00fcr 1 Person Essplatz Zus\u00e4tzlicher Holzofen Satelliten-TV, WLAN Badezimmer Dusche mit Haltegriff und Klappsitz, WC, Haartrockner, Personenwaage, Vergr\u00f6\u00dferungsspiegel Flur Schlafzimmer 2 Einzelbetten, optisch getrennt davon 2 Betten als Stockbett Bettw\u00e4sche, Tischw\u00e4sche, K\u00fcchenw\u00e4sche, Handt\u00fccher, &hellip; <\/p>\n<p class=\"link-more\"><a href=\"https:\/\/ferienwohnungen-am-muehlbach.de\/?page_id=66\" class=\"more-link\"><span class=\"screen-reader-text\">\u201eFerienwohnung &#8222;Sarah&#8220;\u201c<\/span> weiterlesen<\/a><\/p>\n","protected":false},"author":1,"featured_media":0,"parent":38,"menu_order":1,"comment_status":"closed","ping_status":"closed","template":"","meta":{"footnotes":""},"class_list":["post-66","page","type-page","status-publish","hentry"],"_links":{"self":[{"href":"https:\/\/ferienwohnungen-am-muehlbach.de\/index.php?rest_route=\/wp\/v2\/pages\/66","targetHints":{"allow":["GET"]}}],"collection":[{"href":"https:\/\/ferienwohnungen-am-muehlbach.de\/index.php?rest_route=\/wp\/v2\/pages"}],"about":[{"href":"https:\/\/ferienwohnungen-am-muehlbach.de\/index.php?rest_route=\/wp\/v2\/types\/page"}],"author":[{"embeddable":true,"href":"https:\/\/ferienwohnungen-am-muehlbach.de\/index.php?rest_route=\/wp\/v2\/users\/1"}],"replies":[{"embeddable":true,"href":"https:\/\/ferienwohnungen-am-muehlbach.de\/index.php?rest_route=%2Fwp%2Fv2%2Fcomments&post=66"}],"version-history":[{"count":12,"href":"https:\/\/ferienwohnungen-am-muehlbach.de\/index.php?rest_route=\/wp\/v2\/pages\/66\/revisions"}],"predecessor-version":[{"id":580,"href":"https:\/\/ferienwohnungen-am-muehlbach.de\/index.php?rest_route=\/wp\/v2\/pages\/66\/revisions\/580"}],"up":[{"embeddable":true,"href":"https:\/\/ferienwohnungen-am-muehlbach.de\/index.php?rest_route=\/wp\/v2\/pages\/38"}],"wp:attachment":[{"href":"https:\/\/ferienwohnungen-am-muehlbach.de\/index.php?rest_route=%2Fwp%2Fv2%2Fmedia&parent=66"}],"curies":[{"name":"wp","href":"https:\/\/api.w.org\/{rel}","templated":true}]}}