{"id":118,"date":"2018-01-08T20:17:17","date_gmt":"2018-01-08T20:17:17","guid":{"rendered":"https:\/\/h2751234.stratoserver.net\/?page_id=118"},"modified":"2023-01-01T20:31:46","modified_gmt":"2023-01-01T20:31:46","slug":"komfortzimmer-martina","status":"publish","type":"page","link":"https:\/\/ferienwohnungen-am-muehlbach.de\/?page_id=118","title":{"rendered":"Komfortzimmer \u201eMartina\u201c"},"content":{"rendered":"<div id='gallery-1' class='gallery galleryid-118 gallery-columns-3 gallery-size-thumbnail'><figure class='gallery-item'>\n\t\t\t<div class='gallery-icon landscape'>\n\t\t\t\t<a href='https:\/\/ferienwohnungen-am-muehlbach.de\/wp-content\/uploads\/2019\/04\/IMG_1414-2.jpg' rel=\"lightbox[118]\"><img loading=\"lazy\" decoding=\"async\" width=\"300\" height=\"300\" src=\"https:\/\/ferienwohnungen-am-muehlbach.de\/wp-content\/uploads\/2019\/04\/IMG_1414-2-300x300.jpg\" class=\"attachment-thumbnail size-thumbnail\" alt=\"\" srcset=\"https:\/\/ferienwohnungen-am-muehlbach.de\/wp-content\/uploads\/2019\/04\/IMG_1414-2-300x300.jpg 300w, https:\/\/ferienwohnungen-am-muehlbach.de\/wp-content\/uploads\/2019\/04\/IMG_1414-2-100x100.jpg 100w\" sizes=\"auto, 100vw\" \/><\/a>\n\t\t\t<\/div><\/figure><figure class='gallery-item'>\n\t\t\t<div class='gallery-icon landscape'>\n\t\t\t\t<a href='https:\/\/ferienwohnungen-am-muehlbach.de\/wp-content\/uploads\/2019\/04\/IMG_1415-2.jpg' rel=\"lightbox[118]\"><img loading=\"lazy\" decoding=\"async\" width=\"300\" height=\"300\" src=\"https:\/\/ferienwohnungen-am-muehlbach.de\/wp-content\/uploads\/2019\/04\/IMG_1415-2-300x300.jpg\" class=\"attachment-thumbnail size-thumbnail\" alt=\"\" srcset=\"https:\/\/ferienwohnungen-am-muehlbach.de\/wp-content\/uploads\/2019\/04\/IMG_1415-2-300x300.jpg 300w, https:\/\/ferienwohnungen-am-muehlbach.de\/wp-content\/uploads\/2019\/04\/IMG_1415-2-100x100.jpg 100w\" sizes=\"auto, 100vw\" \/><\/a>\n\t\t\t<\/div><\/figure><figure class='gallery-item'>\n\t\t\t<div class='gallery-icon portrait'>\n\t\t\t\t<a href='https:\/\/ferienwohnungen-am-muehlbach.de\/wp-content\/uploads\/2019\/04\/IMG_1416-2.jpg' rel=\"lightbox[118]\"><img loading=\"lazy\" decoding=\"async\" width=\"300\" height=\"300\" src=\"https:\/\/ferienwohnungen-am-muehlbach.de\/wp-content\/uploads\/2019\/04\/IMG_1416-2-300x300.jpg\" class=\"attachment-thumbnail size-thumbnail\" alt=\"\" srcset=\"https:\/\/ferienwohnungen-am-muehlbach.de\/wp-content\/uploads\/2019\/04\/IMG_1416-2-300x300.jpg 300w, https:\/\/ferienwohnungen-am-muehlbach.de\/wp-content\/uploads\/2019\/04\/IMG_1416-2-100x100.jpg 100w\" sizes=\"auto, 100vw\" \/><\/a>\n\t\t\t<\/div><\/figure><figure class='gallery-item'>\n\t\t\t<div class='gallery-icon portrait'>\n\t\t\t\t<a href='https:\/\/ferienwohnungen-am-muehlbach.de\/wp-content\/uploads\/2019\/04\/IMG_1418-2.jpg' rel=\"lightbox[118]\"><img loading=\"lazy\" decoding=\"async\" width=\"300\" height=\"300\" src=\"https:\/\/ferienwohnungen-am-muehlbach.de\/wp-content\/uploads\/2019\/04\/IMG_1418-2-300x300.jpg\" class=\"attachment-thumbnail size-thumbnail\" alt=\"\" srcset=\"https:\/\/ferienwohnungen-am-muehlbach.de\/wp-content\/uploads\/2019\/04\/IMG_1418-2-300x300.jpg 300w, https:\/\/ferienwohnungen-am-muehlbach.de\/wp-content\/uploads\/2019\/04\/IMG_1418-2-100x100.jpg 100w\" sizes=\"auto, 100vw\" \/><\/a>\n\t\t\t<\/div><\/figure><figure class='gallery-item'>\n\t\t\t<div class='gallery-icon portrait'>\n\t\t\t\t<a href='https:\/\/ferienwohnungen-am-muehlbach.de\/wp-content\/uploads\/2023\/01\/Martina_2023.jpeg' rel=\"lightbox[118]\"><img loading=\"lazy\" decoding=\"async\" width=\"300\" height=\"300\" src=\"https:\/\/ferienwohnungen-am-muehlbach.de\/wp-content\/uploads\/2023\/01\/Martina_2023-300x300.jpeg\" class=\"attachment-thumbnail size-thumbnail\" alt=\"\" srcset=\"https:\/\/ferienwohnungen-am-muehlbach.de\/wp-content\/uploads\/2023\/01\/Martina_2023-300x300.jpeg 300w, https:\/\/ferienwohnungen-am-muehlbach.de\/wp-content\/uploads\/2023\/01\/Martina_2023-100x100.jpeg 100w\" sizes=\"auto, 100vw\" \/><\/a>\n\t\t\t<\/div><\/figure>\n\t\t<\/div>\n\n<h4>Geeignet f\u00fcr 1 Person (Nichtraucherwohnung, keine Haustiere)<\/h4>\n<h5>Ebenerdig, in der ehemaligen M\u00fchle<\/h5>\n<h6>K\u00fcchenzeile<\/h6>\n<ul>\n<li>K\u00fchlschrank mit Gefrierfach, Mikrowollenherd, Kaffeemaschine, Safe<\/li>\n<li>Essplatz<\/li>\n<\/ul>\n<h6>Sofagruppe<\/h6>\n<ul>\n<li>mit Schlafgelegenheit f\u00fcr 1 Erwachsenen und 1 Kind<\/li>\n<li>Satelliten-TV, Telefonanschluss, WLAN<\/li>\n<\/ul>\n<h6>Flur<\/h6>\n<h6>Badezimmer<\/h6>\n<ul>\n<li>mit Badewanne und Duschwand, WC, Haartrockner, Personenwaage<\/li>\n<\/ul>\n<h6>Schlafnische mit 1 Bett<\/h6>\n<ul>\n<li>Kinderbett, Kinderhochstuhl bei Bedarf<\/li>\n<li>Bettw\u00e4sche, Tischw\u00e4sche, K\u00fcchenw\u00e4sche, Handt\u00fccher, Saunat\u00fccher und Badem\u00e4ntel werden gestellt<\/li>\n<\/ul>\n<h5>Untergescho\u00df im Ferienhaus<\/h5>\n<ul>\n<li>Waschmaschine, Sauna und Solarium gegen Geb\u00fchr<\/li>\n<li>Staubsauger, B\u00fcgelbrett und B\u00fcgeleisen<\/li>\n<li>W\u00e4schest\u00e4nder<\/li>\n<li><\/li>\n<\/ul>\n<h5>Sonstiges<\/h5>\n<ul>\n<li>Safe<\/li>\n<li>Regenschirme<\/li>\n<li>Liegewiese<\/li>\n<li>Grillplatz<\/li>\n<li>Sandkasten<\/li>\n<\/ul>\n<h6>Parkpl\u00e4tze, Einstellraum f\u00fcr Fahr- und Motorr\u00e4der, Trockenm\u00f6glichkeit f\u00fcr Motorradbekleidung<\/h6>\n","protected":false},"excerpt":{"rendered":"<p>Geeignet f\u00fcr 1 Person (Nichtraucherwohnung, keine Haustiere) Ebenerdig, in der ehemaligen M\u00fchle K\u00fcchenzeile K\u00fchlschrank mit Gefrierfach, Mikrowollenherd, Kaffeemaschine, Safe Essplatz Sofagruppe mit Schlafgelegenheit f\u00fcr 1 Erwachsenen und 1 Kind Satelliten-TV, Telefonanschluss, WLAN Flur Badezimmer mit Badewanne und Duschwand, WC, Haartrockner, Personenwaage Schlafnische mit 1 Bett Kinderbett, Kinderhochstuhl bei Bedarf Bettw\u00e4sche, Tischw\u00e4sche, K\u00fcchenw\u00e4sche, Handt\u00fccher, Saunat\u00fccher und &hellip; <\/p>\n<p class=\"link-more\"><a href=\"https:\/\/ferienwohnungen-am-muehlbach.de\/?page_id=118\" class=\"more-link\"><span class=\"screen-reader-text\">\u201eKomfortzimmer \u201eMartina\u201c\u201c<\/span> weiterlesen<\/a><\/p>\n","protected":false},"author":1,"featured_media":0,"parent":38,"menu_order":4,"comment_status":"closed","ping_status":"closed","template":"","meta":{"footnotes":""},"class_list":["post-118","page","type-page","status-publish","hentry"],"_links":{"self":[{"href":"https:\/\/ferienwohnungen-am-muehlbach.de\/index.php?rest_route=\/wp\/v2\/pages\/118","targetHints":{"allow":["GET"]}}],"collection":[{"href":"https:\/\/ferienwohnungen-am-muehlbach.de\/index.php?rest_route=\/wp\/v2\/pages"}],"about":[{"href":"https:\/\/ferienwohnungen-am-muehlbach.de\/index.php?rest_route=\/wp\/v2\/types\/page"}],"author":[{"embeddable":true,"href":"https:\/\/ferienwohnungen-am-muehlbach.de\/index.php?rest_route=\/wp\/v2\/users\/1"}],"replies":[{"embeddable":true,"href":"https:\/\/ferienwohnungen-am-muehlbach.de\/index.php?rest_route=%2Fwp%2Fv2%2Fcomments&post=118"}],"version-history":[{"count":6,"href":"https:\/\/ferienwohnungen-am-muehlbach.de\/index.php?rest_route=\/wp\/v2\/pages\/118\/revisions"}],"predecessor-version":[{"id":556,"href":"https:\/\/ferienwohnungen-am-muehlbach.de\/index.php?rest_route=\/wp\/v2\/pages\/118\/revisions\/556"}],"up":[{"embeddable":true,"href":"https:\/\/ferienwohnungen-am-muehlbach.de\/index.php?rest_route=\/wp\/v2\/pages\/38"}],"wp:attachment":[{"href":"https:\/\/ferienwohnungen-am-muehlbach.de\/index.php?rest_route=%2Fwp%2Fv2%2Fmedia&parent=118"}],"curies":[{"name":"wp","href":"https:\/\/api.w.org\/{rel}","templated":true}]}}