{"id":40,"date":"2018-01-08T18:36:54","date_gmt":"2018-01-08T18:36:54","guid":{"rendered":"https:\/\/h2751234.stratoserver.net\/?page_id=40"},"modified":"2022-10-22T16:30:38","modified_gmt":"2022-10-22T16:30:38","slug":"freizeitangebot","status":"publish","type":"page","link":"http:\/\/ferienwohnungen-am-muehlbach.de\/?page_id=40","title":{"rendered":"Freizeitangebot"},"content":{"rendered":"<h1>Freizeitangebote<\/h1>\n<h5><strong>Baunach<\/strong><\/h5>\n<ul>\n<li>B\u00fcrgerhaus Baunach (<a href=\"https:\/\/www.buergerhaus-baunach.de\/\">www.buergerhaus-baunach.de<\/a>)<\/li>\n<li>Hallenbad<\/li>\n<li>Badesee<\/li>\n<li>Reitstall (<a href=\"http:\/\/www.littlemountain-ranch.de\/\">www.littlemountain-ranch.de<\/a>)<\/li>\n<li>Wanderwege (z.B. Jakobsweg)<\/li>\n<li>B\u00fccherei (<a href=\"https:\/\/www.stadt-baunach.de\/bildung-soziales\/stadtbuecherei\/\">www.stadt-baunach.de\/bildung-soziales\/stadtbuecherei<\/a>)<\/li>\n<li>Gastwirtschaften \/ Brauereien<\/li>\n<li>Biergarten \/ Bierkeller<\/li>\n<li>Caf\u00e9s<\/li>\n<li>Bike-Park <a href=\"https:\/\/www.bike-cafe-messingschlager.de\/bike-park?\">(www.bike-cafe-messingschlager.de)<\/a><\/li>\n<li>3D-Bogenparcours (<a href=\"https:\/\/www.djk-priegendorf.de\/index.php\/bogenschiessen\/3d-parcours\">www.djk-priegendorf.de<\/a>)<\/li>\n<\/ul>\n<h5><strong>Umgebung<\/strong><\/h5>\n<ul>\n<li>Klettern am Staffelberg (25km)<\/li>\n<li>Klettern in der Fr\u00e4nkischen Schweiz (40km)<\/li>\n<li>Obermaintherme Bad Staffelstein (25km)<\/li>\n<li>Thermalbad Bad Rodach (50km)<\/li>\n<li>Freib\u00e4der (10km)<\/li>\n<li>Freizeitb\u00e4der (30km)<\/li>\n<li>Oldtimertreffen (10km)<\/li>\n<li>Tierparks (40km)<\/li>\n<li>Freizeitland Geiselwind (50km)<\/li>\n<li>Erlebnispark Schloss Thurn (50km)<\/li>\n<li>Golfplatz Leimershof (10km) <a href=\"https:\/\/leimershof-golfanlage.de\/\">(leimershof-golfanlage.de)<\/a><\/li>\n<\/ul>\n<h1>Ausflugsziele<\/h1>\n<h5><strong>Baunach<\/strong><\/h5>\n<ul>\n<li>Pfarrkirche St. Oswald<\/li>\n<li>historischer Ortskern mit Fachwerkh\u00e4usern<\/li>\n<li>historisches Stadttor \u201eH\u00f6lzerne M\u00e4nner\u201c<\/li>\n<li>historische Magdalenenkapelle<\/li>\n<li>Ruine Helenenkapelle<\/li>\n<li>Heimatmuseum<\/li>\n<\/ul>\n<h5><strong>Umgebung<\/strong><\/h5>\n<ul>\n<li>Bamberg (15km): Weltkulturerbe der UNESCO<\/li>\n<li>Sche\u00dflitz (15km): Giechburg, historischer Ortskern<\/li>\n<li>Coburg (35km): Veste Coburg, historische Altstadt<\/li>\n<li>Vierzehnheiligen (20km): Basilika von Balthasar Neumann<\/li>\n<li>Kloster Banz (20km): Hanns Seidel Stiftung, ehemalige Klosteranlage<\/li>\n<li>Ebrach (40km): ehemaliges Zisterzienserkloster<\/li>\n<li>W\u00fcrzburg (80km): Veste Marienberg, Mainfrankenmetropole<\/li>\n<li>N\u00fcrnberg (70km): Kaiserburg, historische Altstadt<\/li>\n<li>Kulmbach (70km): Plassenburg, historische Altstadt, Hauptstadt des Bieres<\/li>\n<li>Bayreuth (80km): Richard-Wagner-Stadt<\/li>\n<li>Rothenburg o.d. Tauber (120km): Mittelalterliche Stadt<\/li>\n<li>Se\u00dflach (30km): Mittelalterliche Stadt<\/li>\n<li>Bad Windsheim (100km): Freilandmuseum<\/li>\n<li>Fladungen (100km): Freilandmuseum<\/li>\n<li>Naturpark Hassberge (5km): Wandertouren<\/li>\n<li>Naturpark Steigerwald (15km): Wandertouren, fr\u00e4nkisches Weinland<\/li>\n<li>Fr\u00e4nkische Schweiz (20km): Wander- und Klettertouren<\/li>\n<li>Fr\u00e4nkische Weinstra\u00dfe<\/li>\n<li>Burgenstra\u00dfe<\/li>\n<\/ul>\n<h1>Feste in Baunach und Umgebung<\/h1>\n<h5><strong>Baunach<\/strong><\/h5>\n<ul>\n<li>Altstadtfest (1. Wochenende im Juli)<\/li>\n<li>Kirchweih (3. Wochenende im Juli)<\/li>\n<li>Fr\u00fchlingsmarkttag<\/li>\n<li>Magdalenenmarkt (22. Juli)<\/li>\n<li>Oldtimertraktoraussfahrt (Juli)<\/li>\n<li>Pfarrfest (1. Sonntag im August)<\/li>\n<li>Herbstmarkttag<\/li>\n<li>Weihnachtsmarkt (2. Adventswochenende)<\/li>\n<\/ul>\n<h5><strong>Umgebung<\/strong><\/h5>\n<ul>\n<li>Sandkirchweih Bamberg (4. Wochenende im August)<\/li>\n<li>Weinfest Sand (1. Wochenende im Juli)<\/li>\n<li>Weinfest Zeil (1. Wochenende im August)<\/li>\n<li>Samba-Festival Coburg (Juli)<\/li>\n<li>Afrika-Festival W\u00fcrzburg (Pfingsten)<\/li>\n<li>Bayerische Motoradsternfahrt, Kulmbach (letztes Wochenende im April)<\/li>\n<li>Oldtimertreffen (Fr\u00fchjahr \/ Sommer)<\/li>\n<li>Christkindlesmarkt N\u00fcrnberg (1. &#8211; 24. Dezember)<\/li>\n<li>Weihnachtsmarkt Bamberg (1. &#8211; 24. Dezember)<\/li>\n<\/ul>\n","protected":false},"excerpt":{"rendered":"<p>Freizeitangebote Baunach B\u00fcrgerhaus Baunach (www.buergerhaus-baunach.de) Hallenbad Badesee Reitstall (www.littlemountain-ranch.de) Wanderwege (z.B. Jakobsweg) B\u00fccherei (www.stadt-baunach.de\/bildung-soziales\/stadtbuecherei) Gastwirtschaften \/ Brauereien Biergarten \/ Bierkeller Caf\u00e9s Bike-Park (www.bike-cafe-messingschlager.de) 3D-Bogenparcours (www.djk-priegendorf.de) Umgebung Klettern am Staffelberg (25km) Klettern in der Fr\u00e4nkischen Schweiz (40km) Obermaintherme Bad Staffelstein (25km) Thermalbad Bad Rodach (50km) Freib\u00e4der (10km) Freizeitb\u00e4der (30km) Oldtimertreffen (10km) Tierparks (40km) Freizeitland Geiselwind (50km) &hellip; <\/p>\n<p class=\"link-more\"><a href=\"http:\/\/ferienwohnungen-am-muehlbach.de\/?page_id=40\" class=\"more-link\"><span class=\"screen-reader-text\">\u201eFreizeitangebot\u201c<\/span> weiterlesen<\/a><\/p>\n","protected":false},"author":1,"featured_media":0,"parent":0,"menu_order":0,"comment_status":"closed","ping_status":"closed","template":"","meta":{"footnotes":""},"class_list":["post-40","page","type-page","status-publish","hentry"],"_links":{"self":[{"href":"http:\/\/ferienwohnungen-am-muehlbach.de\/index.php?rest_route=\/wp\/v2\/pages\/40","targetHints":{"allow":["GET"]}}],"collection":[{"href":"http:\/\/ferienwohnungen-am-muehlbach.de\/index.php?rest_route=\/wp\/v2\/pages"}],"about":[{"href":"http:\/\/ferienwohnungen-am-muehlbach.de\/index.php?rest_route=\/wp\/v2\/types\/page"}],"author":[{"embeddable":true,"href":"http:\/\/ferienwohnungen-am-muehlbach.de\/index.php?rest_route=\/wp\/v2\/users\/1"}],"replies":[{"embeddable":true,"href":"http:\/\/ferienwohnungen-am-muehlbach.de\/index.php?rest_route=%2Fwp%2Fv2%2Fcomments&post=40"}],"version-history":[{"count":10,"href":"http:\/\/ferienwohnungen-am-muehlbach.de\/index.php?rest_route=\/wp\/v2\/pages\/40\/revisions"}],"predecessor-version":[{"id":540,"href":"http:\/\/ferienwohnungen-am-muehlbach.de\/index.php?rest_route=\/wp\/v2\/pages\/40\/revisions\/540"}],"wp:attachment":[{"href":"http:\/\/ferienwohnungen-am-muehlbach.de\/index.php?rest_route=%2Fwp%2Fv2%2Fmedia&parent=40"}],"curies":[{"name":"wp","href":"https:\/\/api.w.org\/{rel}","templated":true}]}}