{"id":102,"date":"2018-01-08T20:03:37","date_gmt":"2018-01-08T20:03:37","guid":{"rendered":"https:\/\/h2751234.stratoserver.net\/?page_id=102"},"modified":"2024-07-15T17:53:52","modified_gmt":"2024-07-15T17:53:52","slug":"ferienappartement-rosemarie","status":"publish","type":"page","link":"http:\/\/ferienwohnungen-am-muehlbach.de\/?page_id=102","title":{"rendered":"Ferienappartement &#8222;Rosemarie&#8220;"},"content":{"rendered":"<div id='gallery-1' class='gallery galleryid-102 gallery-columns-4 gallery-size-thumbnail'><figure class='gallery-item'>\n\t\t\t<div class='gallery-icon landscape'>\n\t\t\t\t<a href='http:\/\/ferienwohnungen-am-muehlbach.de\/wp-content\/uploads\/2019\/04\/3-1-1.jpg' rel=\"lightbox[102]\"><img loading=\"lazy\" decoding=\"async\" width=\"300\" height=\"300\" src=\"http:\/\/ferienwohnungen-am-muehlbach.de\/wp-content\/uploads\/2019\/04\/3-1-1-300x300.jpg\" class=\"attachment-thumbnail size-thumbnail\" alt=\"\" srcset=\"http:\/\/ferienwohnungen-am-muehlbach.de\/wp-content\/uploads\/2019\/04\/3-1-1-300x300.jpg 300w, http:\/\/ferienwohnungen-am-muehlbach.de\/wp-content\/uploads\/2019\/04\/3-1-1-100x100.jpg 100w\" sizes=\"auto, 100vw\" \/><\/a>\n\t\t\t<\/div><\/figure><figure class='gallery-item'>\n\t\t\t<div class='gallery-icon landscape'>\n\t\t\t\t<a href='http:\/\/ferienwohnungen-am-muehlbach.de\/wp-content\/uploads\/2019\/04\/8-1.jpg' rel=\"lightbox[102]\"><img loading=\"lazy\" decoding=\"async\" width=\"300\" height=\"300\" src=\"http:\/\/ferienwohnungen-am-muehlbach.de\/wp-content\/uploads\/2019\/04\/8-1-300x300.jpg\" class=\"attachment-thumbnail size-thumbnail\" alt=\"\" srcset=\"http:\/\/ferienwohnungen-am-muehlbach.de\/wp-content\/uploads\/2019\/04\/8-1-300x300.jpg 300w, http:\/\/ferienwohnungen-am-muehlbach.de\/wp-content\/uploads\/2019\/04\/8-1-100x100.jpg 100w\" sizes=\"auto, 100vw\" \/><\/a>\n\t\t\t<\/div><\/figure><figure class='gallery-item'>\n\t\t\t<div class='gallery-icon landscape'>\n\t\t\t\t<a href='http:\/\/ferienwohnungen-am-muehlbach.de\/wp-content\/uploads\/2019\/04\/1-1-1.jpg' rel=\"lightbox[102]\"><img loading=\"lazy\" decoding=\"async\" width=\"300\" height=\"300\" src=\"http:\/\/ferienwohnungen-am-muehlbach.de\/wp-content\/uploads\/2019\/04\/1-1-1-300x300.jpg\" class=\"attachment-thumbnail size-thumbnail\" alt=\"\" srcset=\"http:\/\/ferienwohnungen-am-muehlbach.de\/wp-content\/uploads\/2019\/04\/1-1-1-300x300.jpg 300w, http:\/\/ferienwohnungen-am-muehlbach.de\/wp-content\/uploads\/2019\/04\/1-1-1-100x100.jpg 100w\" sizes=\"auto, 100vw\" \/><\/a>\n\t\t\t<\/div><\/figure><figure class='gallery-item'>\n\t\t\t<div class='gallery-icon portrait'>\n\t\t\t\t<a href='http:\/\/ferienwohnungen-am-muehlbach.de\/wp-content\/uploads\/2019\/04\/11-e1515442097424.jpg' rel=\"lightbox[102]\"><img loading=\"lazy\" decoding=\"async\" width=\"300\" height=\"300\" src=\"http:\/\/ferienwohnungen-am-muehlbach.de\/wp-content\/uploads\/2019\/04\/11-e1515442097424-300x300.jpg\" class=\"attachment-thumbnail size-thumbnail\" alt=\"\" srcset=\"http:\/\/ferienwohnungen-am-muehlbach.de\/wp-content\/uploads\/2019\/04\/11-e1515442097424-300x300.jpg 300w, http:\/\/ferienwohnungen-am-muehlbach.de\/wp-content\/uploads\/2019\/04\/11-e1515442097424-100x100.jpg 100w\" sizes=\"auto, 100vw\" \/><\/a>\n\t\t\t<\/div><\/figure><figure class='gallery-item'>\n\t\t\t<div class='gallery-icon landscape'>\n\t\t\t\t<a href='http:\/\/ferienwohnungen-am-muehlbach.de\/wp-content\/uploads\/2019\/04\/12-1.jpg' rel=\"lightbox[102]\"><img loading=\"lazy\" decoding=\"async\" width=\"300\" height=\"300\" src=\"http:\/\/ferienwohnungen-am-muehlbach.de\/wp-content\/uploads\/2019\/04\/12-1-300x300.jpg\" class=\"attachment-thumbnail size-thumbnail\" alt=\"\" srcset=\"http:\/\/ferienwohnungen-am-muehlbach.de\/wp-content\/uploads\/2019\/04\/12-1-300x300.jpg 300w, http:\/\/ferienwohnungen-am-muehlbach.de\/wp-content\/uploads\/2019\/04\/12-1-100x100.jpg 100w\" sizes=\"auto, 100vw\" \/><\/a>\n\t\t\t<\/div><\/figure><figure class='gallery-item'>\n\t\t\t<div class='gallery-icon landscape'>\n\t\t\t\t<a href='http:\/\/ferienwohnungen-am-muehlbach.de\/wp-content\/uploads\/2021\/07\/Rosemarie-Kueche-neu-scaled.jpg' rel=\"lightbox[102]\"><img loading=\"lazy\" decoding=\"async\" width=\"300\" height=\"300\" src=\"http:\/\/ferienwohnungen-am-muehlbach.de\/wp-content\/uploads\/2021\/07\/Rosemarie-Kueche-neu-300x300.jpg\" class=\"attachment-thumbnail size-thumbnail\" alt=\"\" srcset=\"http:\/\/ferienwohnungen-am-muehlbach.de\/wp-content\/uploads\/2021\/07\/Rosemarie-Kueche-neu-300x300.jpg 300w, http:\/\/ferienwohnungen-am-muehlbach.de\/wp-content\/uploads\/2021\/07\/Rosemarie-Kueche-neu-100x100.jpg 100w\" sizes=\"auto, 100vw\" \/><\/a>\n\t\t\t<\/div><\/figure><figure class='gallery-item'>\n\t\t\t<div class='gallery-icon portrait'>\n\t\t\t\t<a href='http:\/\/ferienwohnungen-am-muehlbach.de\/wp-content\/uploads\/2024\/07\/Urkunde-Rosemarie-2024.jpg' rel=\"lightbox[102]\"><img loading=\"lazy\" decoding=\"async\" width=\"300\" height=\"300\" src=\"http:\/\/ferienwohnungen-am-muehlbach.de\/wp-content\/uploads\/2024\/07\/Urkunde-Rosemarie-2024-300x300.jpg\" class=\"attachment-thumbnail size-thumbnail\" alt=\"\" srcset=\"http:\/\/ferienwohnungen-am-muehlbach.de\/wp-content\/uploads\/2024\/07\/Urkunde-Rosemarie-2024-300x300.jpg 300w, http:\/\/ferienwohnungen-am-muehlbach.de\/wp-content\/uploads\/2024\/07\/Urkunde-Rosemarie-2024-100x100.jpg 100w\" sizes=\"auto, 100vw\" \/><\/a>\n\t\t\t<\/div><\/figure>\n\t\t<\/div>\n\n<h4>geeignet f\u00fcr 3\u00a0 Personen (Nichtraucherwohnung, keine Haustiere)<\/h4>\n<h5>1. Stock LINKs<\/h5>\n<h6>Wohn-\/Essraum mit K\u00fcchenzeile<\/h6>\n<ul>\n<li>K\u00fchlschrank mit Gefrierfach, Mikrowollenherd, Kaffeemaschine<\/li>\n<li>Sofagruppe mit Schlafcouch f\u00fcr 1 Person<\/li>\n<li>Essplatz<\/li>\n<li>Satelliten-TV, WLAN<\/li>\n<\/ul>\n<h6>Badezimmer<\/h6>\n<ul>\n<li>Dusche, WC, Haartrockner, Personenwaage,\u00a0Vergr\u00f6\u00dferungsspiegel<\/li>\n<\/ul>\n<h6>Schlafzimmer<\/h6>\n<ul>\n<li>2 Einzelbetten, 1 Zustellbett<\/li>\n<li>Kinderbett, Kinderhochstuhl bei Bedarf<\/li>\n<li>Bettw\u00e4sche, Tischw\u00e4sche, K\u00fcchenw\u00e4sche, Handt\u00fccher, Saunat\u00fccher und Badem\u00e4ntel werden gestellt<\/li>\n<\/ul>\n<h5>Untergescho\u00df<\/h5>\n<ul>\n<li>Waschmaschine, Sauna und Solarium gegen Geb\u00fchr<\/li>\n<li>Staubsauger, B\u00fcgelbrett und B\u00fcgeleisen<\/li>\n<\/ul>\n<h5>Sonstiges<\/h5>\n<ul>\n<li>Safe<\/li>\n<li>Regenschirme<\/li>\n<li>Balkon<\/li>\n<li>Liegewiese<\/li>\n<li>Grillplatz<\/li>\n<li>Sandkasten<\/li>\n<\/ul>\n<h6>Parkpl\u00e4tze, Einstellraum f\u00fcr Fahr- und Motorr\u00e4der, Trockenm\u00f6glichkeit f\u00fcr Motorradbekleidung<\/h6>\n","protected":false},"excerpt":{"rendered":"<p>geeignet f\u00fcr 3\u00a0 Personen (Nichtraucherwohnung, keine Haustiere) 1. Stock LINKs Wohn-\/Essraum mit K\u00fcchenzeile K\u00fchlschrank mit Gefrierfach, Mikrowollenherd, Kaffeemaschine Sofagruppe mit Schlafcouch f\u00fcr 1 Person Essplatz Satelliten-TV, WLAN Badezimmer Dusche, WC, Haartrockner, Personenwaage,\u00a0Vergr\u00f6\u00dferungsspiegel Schlafzimmer 2 Einzelbetten, 1 Zustellbett Kinderbett, Kinderhochstuhl bei Bedarf Bettw\u00e4sche, Tischw\u00e4sche, K\u00fcchenw\u00e4sche, Handt\u00fccher, Saunat\u00fccher und Badem\u00e4ntel werden gestellt Untergescho\u00df Waschmaschine, Sauna und Solarium &hellip; <\/p>\n<p class=\"link-more\"><a href=\"http:\/\/ferienwohnungen-am-muehlbach.de\/?page_id=102\" class=\"more-link\"><span class=\"screen-reader-text\">\u201eFerienappartement &#8222;Rosemarie&#8220;\u201c<\/span> weiterlesen<\/a><\/p>\n","protected":false},"author":1,"featured_media":0,"parent":38,"menu_order":3,"comment_status":"closed","ping_status":"closed","template":"","meta":{"footnotes":""},"class_list":["post-102","page","type-page","status-publish","hentry"],"_links":{"self":[{"href":"http:\/\/ferienwohnungen-am-muehlbach.de\/index.php?rest_route=\/wp\/v2\/pages\/102","targetHints":{"allow":["GET"]}}],"collection":[{"href":"http:\/\/ferienwohnungen-am-muehlbach.de\/index.php?rest_route=\/wp\/v2\/pages"}],"about":[{"href":"http:\/\/ferienwohnungen-am-muehlbach.de\/index.php?rest_route=\/wp\/v2\/types\/page"}],"author":[{"embeddable":true,"href":"http:\/\/ferienwohnungen-am-muehlbach.de\/index.php?rest_route=\/wp\/v2\/users\/1"}],"replies":[{"embeddable":true,"href":"http:\/\/ferienwohnungen-am-muehlbach.de\/index.php?rest_route=%2Fwp%2Fv2%2Fcomments&post=102"}],"version-history":[{"count":7,"href":"http:\/\/ferienwohnungen-am-muehlbach.de\/index.php?rest_route=\/wp\/v2\/pages\/102\/revisions"}],"predecessor-version":[{"id":584,"href":"http:\/\/ferienwohnungen-am-muehlbach.de\/index.php?rest_route=\/wp\/v2\/pages\/102\/revisions\/584"}],"up":[{"embeddable":true,"href":"http:\/\/ferienwohnungen-am-muehlbach.de\/index.php?rest_route=\/wp\/v2\/pages\/38"}],"wp:attachment":[{"href":"http:\/\/ferienwohnungen-am-muehlbach.de\/index.php?rest_route=%2Fwp%2Fv2%2Fmedia&parent=102"}],"curies":[{"name":"wp","href":"https:\/\/api.w.org\/{rel}","templated":true}]}}